{"id":20685,"date":"2024-01-29T22:25:51","date_gmt":"2024-01-29T21:25:51","guid":{"rendered":"https:\/\/vinymatic.com\/?page_id=20685"},"modified":"2024-02-20T23:53:15","modified_gmt":"2024-02-20T22:53:15","slug":"mentions-legales","status":"publish","type":"page","link":"https:\/\/vinymatic.com\/en\/mentions-legales\/","title":{"rendered":"Mentions L\u00e9gales"},"content":{"rendered":"<div data-elementor-type=\"wp-page\" data-elementor-id=\"20685\" class=\"elementor elementor-20685\" data-elementor-post-type=\"page\">\n\t\t\t\t\t\t<section class=\"elementor-section elementor-top-section elementor-element elementor-element-1813419 elementor-section-boxed elementor-section-height-default elementor-section-height-default\" data-id=\"1813419\" data-element_type=\"section\" data-e-type=\"section\">\n\t\t\t\t\t\t<div class=\"elementor-container elementor-column-gap-default\">\n\t\t\t\t\t<div class=\"elementor-column elementor-col-100 elementor-top-column elementor-element elementor-element-76d1f81\" data-id=\"76d1f81\" data-element_type=\"column\" data-e-type=\"column\">\n\t\t\t<div class=\"elementor-widget-wrap elementor-element-populated\">\n\t\t\t\t\t\t<div class=\"elementor-element elementor-element-9efda1b elementor-widget elementor-widget-text-editor\" data-id=\"9efda1b\" data-element_type=\"widget\" data-e-type=\"widget\" data-widget_type=\"text-editor.default\">\n\t\t\t\t<div class=\"elementor-widget-container\">\n\t\t\t\t\t\t\t\t\t<p><strong>Propri\u00e9t\u00e9 et \u00e9diteur<\/strong><br \/>Le pr\u00e9sent site Internet https:\/\/vinymatic.com et https:\/\/www.vinymatic.com est \u00e9dit\u00e9 par la soci\u00e9t\u00e9 Vinymatic, Soci\u00e9t\u00e9 par Actions Simplifi\u00e9es (SAS), au capital de 1 000 \u20ac immatricul\u00e9e au registre du commerce et des soci\u00e9t\u00e9s de Nanterre sous le num\u00e9ro B 910 782 085, dont le si\u00e8ge social est situ\u00e9 au 39, rue Paul Bert 92800 Puteaux, France.<br \/>Directeur de la publication : Emmanuel Tordjeman<br \/>Contact : support@vinymatic.com<\/p><p><strong>\u200dLe site est h\u00e9berg\u00e9 par OVH SAS<\/strong><br \/>RCS Lille M\u00e9tropole 424 761 419 00045<br \/>Code APE 2620Z<br \/>N\u00b0 TVA : FR 22 424 761 419<br \/>Si\u00e8ge social : 2 rue Kellermann 59100 Roubaix, France<br \/>OVH SAS est une filiale de la soci\u00e9t\u00e9 OVH Groupe SA, soci\u00e9t\u00e9 immatricul\u00e9e au RCS de Lille sous le num\u00e9ro 537 407 926 sise 2, rue Kellermann 59100 Roubaix.<\/p>\t\t\t\t\t\t\t\t<\/div>\n\t\t\t\t<\/div>\n\t\t\t\t\t<\/div>\n\t\t<\/div>\n\t\t\t\t\t<\/div>\n\t\t<\/section>\n\t\t\t\t<\/div>","protected":false},"excerpt":{"rendered":"<p>Propri\u00e9t\u00e9 et \u00e9diteurLe pr\u00e9sent site Internet https:\/\/vinymatic.com et https:\/\/www.vinymatic.com est \u00e9dit\u00e9 par la soci\u00e9t\u00e9 Vinymatic, Soci\u00e9t\u00e9 par Actions Simplifi\u00e9es (SAS), au capital de 1 000 \u20ac immatricul\u00e9e au registre du commerce et des soci\u00e9t\u00e9s de Nanterre sous le num\u00e9ro B 910 782 085, dont le si\u00e8ge social est situ\u00e9 au 39, rue Paul Bert 92800 [&hellip;]<\/p>\n","protected":false},"author":1,"featured_media":0,"parent":0,"menu_order":0,"comment_status":"closed","ping_status":"closed","template":"","meta":{"footnotes":""},"class_list":["post-20685","page","type-page","status-publish","hentry"],"yoast_head":"<!-- This site is optimized with the Yoast SEO plugin v27.5 - https:\/\/yoast.com\/product\/yoast-seo-wordpress\/ -->\n<title>Mentions L\u00e9gales - Vinymatic<\/title>\n<meta name=\"robots\" content=\"noindex, follow\" \/>\n<meta property=\"og:locale\" content=\"en_US\" \/>\n<meta property=\"og:type\" content=\"article\" \/>\n<meta property=\"og:title\" content=\"Mentions L\u00e9gales - Vinymatic\" \/>\n<meta property=\"og:description\" content=\"Propri\u00e9t\u00e9 et \u00e9diteurLe pr\u00e9sent site Internet https:\/\/vinymatic.com et https:\/\/www.vinymatic.com est \u00e9dit\u00e9 par la soci\u00e9t\u00e9 Vinymatic, Soci\u00e9t\u00e9 par Actions Simplifi\u00e9es (SAS), au capital de 1 000 \u20ac immatricul\u00e9e au registre du commerce et des soci\u00e9t\u00e9s de Nanterre sous le num\u00e9ro B 910 782 085, dont le si\u00e8ge social est situ\u00e9 au 39, rue Paul Bert 92800 [&hellip;]\" \/>\n<meta property=\"og:url\" content=\"https:\/\/vinymatic.com\/en\/mentions-legales\/\" \/>\n<meta property=\"og:site_name\" content=\"Vinymatic\" \/>\n<meta property=\"article:publisher\" content=\"https:\/\/www.facebook.com\/vinymatic\/\" \/>\n<meta property=\"article:modified_time\" content=\"2024-02-20T22:53:15+00:00\" \/>\n<meta name=\"twitter:card\" content=\"summary_large_image\" \/>\n<meta name=\"twitter:site\" content=\"@vinymatic\" \/>\n<meta name=\"twitter:label1\" content=\"Est. reading time\" \/>\n\t<meta name=\"twitter:data1\" content=\"1 minute\" \/>\n<script type=\"application\/ld+json\" class=\"yoast-schema-graph\">{\"@context\":\"https:\\\/\\\/schema.org\",\"@graph\":[{\"@type\":\"WebPage\",\"@id\":\"https:\\\/\\\/vinymatic.com\\\/mentions-legales\\\/\",\"url\":\"https:\\\/\\\/vinymatic.com\\\/mentions-legales\\\/\",\"name\":\"Mentions L\u00e9gales - Vinymatic\",\"isPartOf\":{\"@id\":\"https:\\\/\\\/vinymatic.com\\\/#website\"},\"datePublished\":\"2024-01-29T21:25:51+00:00\",\"dateModified\":\"2024-02-20T22:53:15+00:00\",\"breadcrumb\":{\"@id\":\"https:\\\/\\\/vinymatic.com\\\/mentions-legales\\\/#breadcrumb\"},\"inLanguage\":\"en-US\",\"potentialAction\":[{\"@type\":\"ReadAction\",\"target\":[\"https:\\\/\\\/vinymatic.com\\\/mentions-legales\\\/\"]}]},{\"@type\":\"BreadcrumbList\",\"@id\":\"https:\\\/\\\/vinymatic.com\\\/mentions-legales\\\/#breadcrumb\",\"itemListElement\":[{\"@type\":\"ListItem\",\"position\":1,\"name\":\"Accueil\",\"item\":\"https:\\\/\\\/vinymatic.com\\\/\"},{\"@type\":\"ListItem\",\"position\":2,\"name\":\"Mentions L\u00e9gales\"}]},{\"@type\":\"WebSite\",\"@id\":\"https:\\\/\\\/vinymatic.com\\\/#website\",\"url\":\"https:\\\/\\\/vinymatic.com\\\/\",\"name\":\"Vinymatic\",\"description\":\"The Ultimate App for vinyl Lovers\",\"publisher\":{\"@id\":\"https:\\\/\\\/vinymatic.com\\\/#organization\"},\"potentialAction\":[{\"@type\":\"SearchAction\",\"target\":{\"@type\":\"EntryPoint\",\"urlTemplate\":\"https:\\\/\\\/vinymatic.com\\\/?s={search_term_string}\"},\"query-input\":{\"@type\":\"PropertyValueSpecification\",\"valueRequired\":true,\"valueName\":\"search_term_string\"}}],\"inLanguage\":\"en-US\"},{\"@type\":\"Organization\",\"@id\":\"https:\\\/\\\/vinymatic.com\\\/#organization\",\"name\":\"Vinymatic\",\"url\":\"https:\\\/\\\/vinymatic.com\\\/\",\"logo\":{\"@type\":\"ImageObject\",\"inLanguage\":\"en-US\",\"@id\":\"https:\\\/\\\/vinymatic.com\\\/#\\\/schema\\\/logo\\\/image\\\/\",\"url\":\"https:\\\/\\\/vinymatic.com\\\/wp-content\\\/uploads\\\/2017\\\/05\\\/logo-footer-vinymatic.png\",\"contentUrl\":\"https:\\\/\\\/vinymatic.com\\\/wp-content\\\/uploads\\\/2017\\\/05\\\/logo-footer-vinymatic.png\",\"width\":162,\"height\":53,\"caption\":\"Vinymatic\"},\"image\":{\"@id\":\"https:\\\/\\\/vinymatic.com\\\/#\\\/schema\\\/logo\\\/image\\\/\"},\"sameAs\":[\"https:\\\/\\\/www.facebook.com\\\/vinymatic\\\/\",\"https:\\\/\\\/x.com\\\/vinymatic\",\"https:\\\/\\\/www.instagram.com\\\/vinymatic\\\/\",\"https:\\\/\\\/www.threads.net\\\/@vinymatic\"]}]}<\/script>\n<!-- \/ Yoast SEO plugin. -->","yoast_head_json":{"title":"Mentions L\u00e9gales - Vinymatic","robots":{"index":"noindex","follow":"follow"},"og_locale":"en_US","og_type":"article","og_title":"Mentions L\u00e9gales - Vinymatic","og_description":"Propri\u00e9t\u00e9 et \u00e9diteurLe pr\u00e9sent site Internet https:\/\/vinymatic.com et https:\/\/www.vinymatic.com est \u00e9dit\u00e9 par la soci\u00e9t\u00e9 Vinymatic, Soci\u00e9t\u00e9 par Actions Simplifi\u00e9es (SAS), au capital de 1 000 \u20ac immatricul\u00e9e au registre du commerce et des soci\u00e9t\u00e9s de Nanterre sous le num\u00e9ro B 910 782 085, dont le si\u00e8ge social est situ\u00e9 au 39, rue Paul Bert 92800 [&hellip;]","og_url":"https:\/\/vinymatic.com\/en\/mentions-legales\/","og_site_name":"Vinymatic","article_publisher":"https:\/\/www.facebook.com\/vinymatic\/","article_modified_time":"2024-02-20T22:53:15+00:00","twitter_card":"summary_large_image","twitter_site":"@vinymatic","twitter_misc":{"Est. reading time":"1 minute"},"schema":{"@context":"https:\/\/schema.org","@graph":[{"@type":"WebPage","@id":"https:\/\/vinymatic.com\/mentions-legales\/","url":"https:\/\/vinymatic.com\/mentions-legales\/","name":"Mentions L\u00e9gales - Vinymatic","isPartOf":{"@id":"https:\/\/vinymatic.com\/#website"},"datePublished":"2024-01-29T21:25:51+00:00","dateModified":"2024-02-20T22:53:15+00:00","breadcrumb":{"@id":"https:\/\/vinymatic.com\/mentions-legales\/#breadcrumb"},"inLanguage":"en-US","potentialAction":[{"@type":"ReadAction","target":["https:\/\/vinymatic.com\/mentions-legales\/"]}]},{"@type":"BreadcrumbList","@id":"https:\/\/vinymatic.com\/mentions-legales\/#breadcrumb","itemListElement":[{"@type":"ListItem","position":1,"name":"Accueil","item":"https:\/\/vinymatic.com\/"},{"@type":"ListItem","position":2,"name":"Mentions L\u00e9gales"}]},{"@type":"WebSite","@id":"https:\/\/vinymatic.com\/#website","url":"https:\/\/vinymatic.com\/","name":"Vinymatic","description":"The Ultimate App for vinyl Lovers","publisher":{"@id":"https:\/\/vinymatic.com\/#organization"},"potentialAction":[{"@type":"SearchAction","target":{"@type":"EntryPoint","urlTemplate":"https:\/\/vinymatic.com\/?s={search_term_string}"},"query-input":{"@type":"PropertyValueSpecification","valueRequired":true,"valueName":"search_term_string"}}],"inLanguage":"en-US"},{"@type":"Organization","@id":"https:\/\/vinymatic.com\/#organization","name":"Vinymatic","url":"https:\/\/vinymatic.com\/","logo":{"@type":"ImageObject","inLanguage":"en-US","@id":"https:\/\/vinymatic.com\/#\/schema\/logo\/image\/","url":"https:\/\/vinymatic.com\/wp-content\/uploads\/2017\/05\/logo-footer-vinymatic.png","contentUrl":"https:\/\/vinymatic.com\/wp-content\/uploads\/2017\/05\/logo-footer-vinymatic.png","width":162,"height":53,"caption":"Vinymatic"},"image":{"@id":"https:\/\/vinymatic.com\/#\/schema\/logo\/image\/"},"sameAs":["https:\/\/www.facebook.com\/vinymatic\/","https:\/\/x.com\/vinymatic","https:\/\/www.instagram.com\/vinymatic\/","https:\/\/www.threads.net\/@vinymatic"]}]}},"_links":{"self":[{"href":"https:\/\/vinymatic.com\/en\/wp-json\/wp\/v2\/pages\/20685","targetHints":{"allow":["GET"]}}],"collection":[{"href":"https:\/\/vinymatic.com\/en\/wp-json\/wp\/v2\/pages"}],"about":[{"href":"https:\/\/vinymatic.com\/en\/wp-json\/wp\/v2\/types\/page"}],"author":[{"embeddable":true,"href":"https:\/\/vinymatic.com\/en\/wp-json\/wp\/v2\/users\/1"}],"replies":[{"embeddable":true,"href":"https:\/\/vinymatic.com\/en\/wp-json\/wp\/v2\/comments?post=20685"}],"version-history":[{"count":19,"href":"https:\/\/vinymatic.com\/en\/wp-json\/wp\/v2\/pages\/20685\/revisions"}],"predecessor-version":[{"id":21150,"href":"https:\/\/vinymatic.com\/en\/wp-json\/wp\/v2\/pages\/20685\/revisions\/21150"}],"wp:attachment":[{"href":"https:\/\/vinymatic.com\/en\/wp-json\/wp\/v2\/media?parent=20685"}],"curies":[{"name":"wp","href":"https:\/\/api.w.org\/{rel}","templated":true}]}}